{"id":5027,"date":"2026-03-20T11:25:21","date_gmt":"2026-03-20T11:25:21","guid":{"rendered":"https:\/\/ignitecongress.com\/?page_id=5027"},"modified":"2026-04-02T10:07:20","modified_gmt":"2026-04-02T10:07:20","slug":"quienes-somos","status":"publish","type":"page","link":"https:\/\/ignitecongress.com\/en\/quienes-somos\/","title":{"rendered":"ABOUT US"},"content":{"rendered":"<div data-elementor-type=\"wp-page\" data-elementor-id=\"5027\" class=\"elementor elementor-5027\" data-elementor-post-type=\"page\">\n\t\t\t\t<div class=\"elementor-element elementor-element-e0044d4 e-flex e-con-boxed e-con e-parent\" data-id=\"e0044d4\" data-element_type=\"container\" data-e-type=\"container\">\n\t\t\t\t\t<div class=\"e-con-inner\">\n\t\t<div class=\"elementor-element elementor-element-a972454 e-con-full e-flex e-con e-child\" data-id=\"a972454\" data-element_type=\"container\" data-e-type=\"container\">\n\t\t<div class=\"elementor-element elementor-element-e4b1e35 e-con-full ignite-submit-section e-flex e-con e-child\" data-id=\"e4b1e35\" data-element_type=\"container\" data-e-type=\"container\" data-settings=\"{&quot;background_background&quot;:&quot;classic&quot;}\">\n\t\t<div class=\"elementor-element elementor-element-0616e9f e-con-full e-flex e-con e-child\" data-id=\"0616e9f\" data-element_type=\"container\" data-e-type=\"container\">\n\t\t\t\t<div class=\"elementor-element elementor-element-18ee341 elementor-widget elementor-widget-heading\" data-id=\"18ee341\" data-element_type=\"widget\" data-e-type=\"widget\" data-widget_type=\"heading.default\">\n\t\t\t\t\t<h1 class=\"elementor-heading-title elementor-size-default\">ABOUT IGNITE<\/h1>\t\t\t\t<\/div>\n\t\t\t\t<\/div>\n\t\t\t\t<\/div>\n\t\t\t\t<\/div>\n\t\t\t\t\t<\/div>\n\t\t\t\t<\/div>\n\t\t<div class=\"elementor-element elementor-element-a7025c0 e-flex e-con-boxed e-con e-parent\" data-id=\"a7025c0\" data-element_type=\"container\" data-e-type=\"container\">\n\t\t\t\t\t<div class=\"e-con-inner\">\n\t\t<div class=\"elementor-element elementor-element-942ce8f e-con-full e-flex e-con e-child\" data-id=\"942ce8f\" data-element_type=\"container\" data-e-type=\"container\">\n\t\t<div class=\"elementor-element elementor-element-c4846c1 e-con-full e-flex e-con e-child\" data-id=\"c4846c1\" data-element_type=\"container\" data-e-type=\"container\">\n\t\t\t\t<div class=\"elementor-element elementor-element-16b8fe4 elementor-widget elementor-widget-image\" data-id=\"16b8fe4\" data-element_type=\"widget\" data-e-type=\"widget\" data-widget_type=\"image.default\">\n\t\t\t\t\t\t\t\t\t\t\t\t\t\t\t<img fetchpriority=\"high\" decoding=\"async\" width=\"960\" height=\"640\" src=\"https:\/\/ignitecongress.com\/wp-content\/uploads\/2026\/03\/CCIO060324Qualicer-ambiente12-1-1024x683.jpg\" class=\"attachment-large size-large wp-image-5041\" alt=\"\" srcset=\"https:\/\/ignitecongress.com\/wp-content\/uploads\/2026\/03\/CCIO060324Qualicer-ambiente12-1-1024x683.jpg 1024w, https:\/\/ignitecongress.com\/wp-content\/uploads\/2026\/03\/CCIO060324Qualicer-ambiente12-1-300x200.jpg 300w, https:\/\/ignitecongress.com\/wp-content\/uploads\/2026\/03\/CCIO060324Qualicer-ambiente12-1-768x512.jpg 768w, https:\/\/ignitecongress.com\/wp-content\/uploads\/2026\/03\/CCIO060324Qualicer-ambiente12-1-1536x1024.jpg 1536w, https:\/\/ignitecongress.com\/wp-content\/uploads\/2026\/03\/CCIO060324Qualicer-ambiente12-1-2048x1365.jpg 2048w, https:\/\/ignitecongress.com\/wp-content\/uploads\/2026\/03\/CCIO060324Qualicer-ambiente12-1-18x12.jpg 18w\" sizes=\"(max-width: 960px) 100vw, 960px\" \/>\t\t\t\t\t\t\t\t\t\t\t\t\t\t\t<\/div>\n\t\t\t\t<\/div>\n\t\t<div class=\"elementor-element elementor-element-37c5f37 e-con-full ignite-topics-grid e-flex e-con e-child\" data-id=\"37c5f37\" data-element_type=\"container\" data-e-type=\"container\">\n\t\t<div class=\"elementor-element elementor-element-bd3a219 e-con-full ignite-topic-card e-flex e-con e-child\" data-id=\"bd3a219\" data-element_type=\"container\" data-e-type=\"container\">\n\t\t\t\t<div class=\"elementor-element elementor-element-056e630 elementor-widget elementor-widget-text-editor\" data-id=\"056e630\" data-element_type=\"widget\" data-e-type=\"widget\" data-widget_type=\"text-editor.default\">\n\t\t\t\t\t\t\t\t\t<p style=\"text-align: left;\"><span style=\"color: #000000;\">\u00a0IGNITE is the International Congress on Ceramics Innovation, organised by the Chamber of Commerce of Castell\u00f3n (Spain). It is a platform for knowledge and inspiration, built on 36 years of shared history at Qualicer, now taking a new step forward to ignite the future of ceramics through the power of new ideas.<\/span><\/p>\t\t\t\t\t\t\t\t<\/div>\n\t\t\t\t<\/div>\n\t\t<div class=\"elementor-element elementor-element-3b9c591 e-con-full ignite-topic-card e-flex e-con e-child\" data-id=\"3b9c591\" data-element_type=\"container\" data-e-type=\"container\">\n\t\t\t\t<div class=\"elementor-element elementor-element-5571255 elementor-widget elementor-widget-text-editor\" data-id=\"5571255\" data-element_type=\"widget\" data-e-type=\"widget\" data-widget_type=\"text-editor.default\">\n\t\t\t\t\t\t\t\t\t<p style=\"text-align: left;\"><span style=\"color: #000000;\">Based in Castell\u00f3n de la Plana (Spain), it connects companies, experts, and leaders from the ceramic cluster with a global vision focused on transformation and collaboration. It is a congress where you can engage with the most influential voices on the global ceramic stage and discover the most innovative ideas of the moment.<\/span><\/p>\t\t\t\t\t\t\t\t<\/div>\n\t\t\t\t<\/div>\n\t\t<div class=\"elementor-element elementor-element-e0f34b4 e-con-full ignite-topic-card e-flex e-con e-child\" data-id=\"e0f34b4\" data-element_type=\"container\" data-e-type=\"container\">\n\t\t\t\t<div class=\"elementor-element elementor-element-b27c902 elementor-widget elementor-widget-text-editor\" data-id=\"b27c902\" data-element_type=\"widget\" data-e-type=\"widget\" data-widget_type=\"text-editor.default\">\n\t\t\t\t\t\t\t\t\t<p style=\"text-align: left;\"><span style=\"color: #000000;\">IGNITE is a key meeting point to anticipate and discuss the industrial future of the sector: technology, sustainability, competitiveness, and regulatory frameworks.<\/span><\/p>\t\t\t\t\t\t\t\t<\/div>\n\t\t\t\t<\/div>\n\t\t<div class=\"elementor-element elementor-element-531daa7 e-con-full ignite-topic-card e-flex e-con e-child\" data-id=\"531daa7\" data-element_type=\"container\" data-e-type=\"container\">\n\t\t\t\t<div class=\"elementor-element elementor-element-f08a33d elementor-widget elementor-widget-text-editor\" data-id=\"f08a33d\" data-element_type=\"widget\" data-e-type=\"widget\" data-widget_type=\"text-editor.default\">\n\t\t\t\t\t\t\t\t\t<p style=\"text-align: left;\"><span style=\"color: #000000;\">IGNITE is about continuing to believe in talent, collaboration, and generosity as the best path to building a better future for all.<\/span><\/p>\t\t\t\t\t\t\t\t<\/div>\n\t\t\t\t<\/div>\n\t\t\t\t<\/div>\n\t\t\t\t<\/div>\n\t\t\t\t\t<\/div>\n\t\t\t\t<\/div>\n\t\t<div class=\"elementor-element elementor-element-dcb3a92 e-con-full e-flex e-con e-child\" data-id=\"dcb3a92\" data-element_type=\"container\" data-e-type=\"container\">\n\t\t<div class=\"elementor-element elementor-element-ddd5dd9 e-con-full e-flex e-con e-child\" data-id=\"ddd5dd9\" data-element_type=\"container\" data-e-type=\"container\">\n\t\t<div class=\"elementor-element elementor-element-3ae5291 e-con-full e-flex e-con e-child\" data-id=\"3ae5291\" data-element_type=\"container\" data-e-type=\"container\">\n\t\t\t\t<div class=\"elementor-element elementor-element-b2a7c74 ignite-card elementor-position-top elementor-widget elementor-widget-image-box\" data-id=\"b2a7c74\" data-element_type=\"widget\" data-e-type=\"widget\" data-step=\"\" data-widget_type=\"image-box.default\">\n\t\t\t\t\t<div class=\"elementor-image-box-wrapper\"><figure class=\"elementor-image-box-img\"><img decoding=\"async\" width=\"414\" height=\"350\" src=\"https:\/\/ignitecongress.com\/wp-content\/uploads\/2026\/03\/Gaming-Website-in-Black-and-White-Purple-Grey-Bare-Minimal-Style-1-e1774003502944.png\" class=\"attachment-full size-full wp-image-5048\" alt=\"\" srcset=\"https:\/\/ignitecongress.com\/wp-content\/uploads\/2026\/03\/Gaming-Website-in-Black-and-White-Purple-Grey-Bare-Minimal-Style-1-e1774003502944.png 414w, https:\/\/ignitecongress.com\/wp-content\/uploads\/2026\/03\/Gaming-Website-in-Black-and-White-Purple-Grey-Bare-Minimal-Style-1-e1774003502944-300x254.png 300w, https:\/\/ignitecongress.com\/wp-content\/uploads\/2026\/03\/Gaming-Website-in-Black-and-White-Purple-Grey-Bare-Minimal-Style-1-e1774003502944-14x12.png 14w\" sizes=\"(max-width: 414px) 100vw, 414px\" \/><\/figure><div class=\"elementor-image-box-content\"><h3 class=\"elementor-image-box-title\">When?<\/h3><p class=\"elementor-image-box-description translation-block\">IGNITE will take place on September 28 and 29, 2026 in Castell\u00f3n de la Plana, Spain.<\/p><\/div><\/div>\t\t\t\t<\/div>\n\t\t\t\t<\/div>\n\t\t<div class=\"elementor-element elementor-element-24518d6 e-con-full e-flex e-con e-child\" data-id=\"24518d6\" data-element_type=\"container\" data-e-type=\"container\">\n\t\t\t\t<div class=\"elementor-element elementor-element-1b91650 ignite-card  elementor-position-top elementor-widget elementor-widget-image-box\" data-id=\"1b91650\" data-element_type=\"widget\" data-e-type=\"widget\" data-step=\"\" data-widget_type=\"image-box.default\">\n\t\t\t\t\t<div class=\"elementor-image-box-wrapper\"><figure class=\"elementor-image-box-img\"><img decoding=\"async\" width=\"420\" height=\"453\" src=\"https:\/\/ignitecongress.com\/wp-content\/uploads\/2026\/03\/Gaming-Website-in-Black-and-White-Purple-Grey-Bare-Minimal-Style-e1774003539786.png\" class=\"attachment-full size-full wp-image-5049\" alt=\"\" srcset=\"https:\/\/ignitecongress.com\/wp-content\/uploads\/2026\/03\/Gaming-Website-in-Black-and-White-Purple-Grey-Bare-Minimal-Style-e1774003539786.png 420w, https:\/\/ignitecongress.com\/wp-content\/uploads\/2026\/03\/Gaming-Website-in-Black-and-White-Purple-Grey-Bare-Minimal-Style-e1774003539786-278x300.png 278w, https:\/\/ignitecongress.com\/wp-content\/uploads\/2026\/03\/Gaming-Website-in-Black-and-White-Purple-Grey-Bare-Minimal-Style-e1774003539786-11x12.png 11w\" sizes=\"(max-width: 420px) 100vw, 420px\" \/><\/figure><div class=\"elementor-image-box-content\"><h3 class=\"elementor-image-box-title\">Where?<\/h3><p class=\"elementor-image-box-description translation-block\">IGNITE will take place at the Castell\u00f3n Chamber of Commerce in Spain.<\/p><\/div><\/div>\t\t\t\t<\/div>\n\t\t\t\t<\/div>\n\t\t\t\t<\/div>\n\t\t\t\t<\/div>\n\t\t<div class=\"elementor-element elementor-element-5c3fa37 e-flex e-con-boxed e-con e-parent\" data-id=\"5c3fa37\" data-element_type=\"container\" data-e-type=\"container\">\n\t\t\t\t\t<div class=\"e-con-inner\">\n\t\t<div class=\"elementor-element elementor-element-7c29165 e-con-full e-flex e-con e-child\" data-id=\"7c29165\" data-element_type=\"container\" data-e-type=\"container\">\n\t\t\t\t<div class=\"elementor-element elementor-element-70135fa elementor-widget elementor-widget-heading\" data-id=\"70135fa\" data-element_type=\"widget\" data-e-type=\"widget\" data-widget_type=\"heading.default\">\n\t\t\t\t\t<h1 class=\"elementor-heading-title elementor-size-default\">Congress Venue<\/h1>\t\t\t\t<\/div>\n\t\t\t\t<div class=\"elementor-element elementor-element-8fc4ee3 elementor-widget elementor-widget-heading\" data-id=\"8fc4ee3\" data-element_type=\"widget\" data-e-type=\"widget\" data-widget_type=\"heading.default\">\n\t\t\t\t\t<h2 class=\"elementor-heading-title elementor-size-default\">Chamber of Commerce, Industry, Services, and Navigation of Castell\u00f3n<\/h2>\t\t\t\t<\/div>\n\t\t\t\t<div class=\"elementor-element elementor-element-cb385c2 elementor-widget elementor-widget-text-editor\" data-id=\"cb385c2\" data-element_type=\"widget\" data-e-type=\"widget\" data-widget_type=\"text-editor.default\">\n\t\t\t\t\t\t\t\t\t<h3 data-start=\"3121\" data-end=\"3155\"><span style=\"color: #000000;\">\ud83d\udccd Castell\u00f3n de la Plana, Spain<\/span><\/h3><h3 data-start=\"3158\" data-end=\"3182\"><span style=\"color: #000000;\">\ud83c\udfdb\ufe0f Chamber of Commerce<\/span><\/h3><h3 data-start=\"3185\" data-end=\"3212\"><span style=\"color: #000000;\">\ud83d\uddd3\ufe0f September 28\u201329, 2026<\/span><\/h3>\t\t\t\t\t\t\t\t<\/div>\n\t\t\t\t<\/div>\n\t\t<div class=\"elementor-element elementor-element-649ac58 e-con-full e-flex e-con e-child\" data-id=\"649ac58\" data-element_type=\"container\" data-e-type=\"container\">\n\t\t\t\t<div class=\"elementor-element elementor-element-765862c elementor-widget elementor-widget-google_maps\" data-id=\"765862c\" data-element_type=\"widget\" data-e-type=\"widget\" data-widget_type=\"google_maps.default\">\n\t\t\t\t\t\t\t<div class=\"elementor-custom-embed\">\n\t\t\t<iframe loading=\"lazy\"\n\t\t\t\t\tsrc=\"https:\/\/maps.google.com\/maps?q=C%C3%A1mara%20de%20Comercio%20de%20Castell%C3%B3n&#038;t=m&#038;z=10&#038;output=embed&#038;iwloc=near\"\n\t\t\t\t\ttitle=\"Chamber of Commerce, Industry, Services, and Navigation of Castell\u00f3n\"\n\t\t\t\t\taria-label=\"Chamber of Commerce, Industry, Services, and Navigation of Castell\u00f3n\"\n\t\t\t><\/iframe>\n\t\t<\/div>\n\t\t\t\t\t\t<\/div>\n\t\t\t\t<\/div>\n\t\t\t\t\t<\/div>\n\t\t\t\t<\/div>\n\t\t<div class=\"elementor-element elementor-element-7acf8ae about-ignite-page e-flex e-con-boxed e-con e-parent\" data-id=\"7acf8ae\" data-element_type=\"container\" data-e-type=\"container\">\n\t\t\t\t\t<div class=\"e-con-inner\">\n\t\t\t\t\t<\/div>\n\t\t\t\t<\/div>\n\t\t\t\t<\/div>","protected":false},"excerpt":{"rendered":"<p>SOBRE IGNITE \u00a0IGNITE es el Congreso Internacional de Innovaci\u00f3n Cer\u00e1mica impulsado por la C\u00e1mara de Comercio de Castell\u00f3n. Una plataforma de conocimiento e inspiraci\u00f3n que nace despu\u00e9s de 36 a\u00f1os de historia compartida en Qualicer y que ahora decide dar un nuevo impulso con el fin de encender el futuro de la cer\u00e1mica a trav\u00e9s&#8230; <\/p>\n<div class=\"clear\"><\/div>\n<p><a href=\"https:\/\/ignitecongress.com\/en\/quienes-somos\/\" class=\"gdlr-info-font excerpt-read-more\">Read More<\/a><\/p>","protected":false},"author":1,"featured_media":0,"parent":0,"menu_order":0,"comment_status":"closed","ping_status":"closed","template":"","meta":{"footnotes":""},"class_list":["post-5027","page","type-page","status-publish","hentry"],"_links":{"self":[{"href":"https:\/\/ignitecongress.com\/en\/wp-json\/wp\/v2\/pages\/5027","targetHints":{"allow":["GET"]}}],"collection":[{"href":"https:\/\/ignitecongress.com\/en\/wp-json\/wp\/v2\/pages"}],"about":[{"href":"https:\/\/ignitecongress.com\/en\/wp-json\/wp\/v2\/types\/page"}],"author":[{"embeddable":true,"href":"https:\/\/ignitecongress.com\/en\/wp-json\/wp\/v2\/users\/1"}],"replies":[{"embeddable":true,"href":"https:\/\/ignitecongress.com\/en\/wp-json\/wp\/v2\/comments?post=5027"}],"version-history":[{"count":10,"href":"https:\/\/ignitecongress.com\/en\/wp-json\/wp\/v2\/pages\/5027\/revisions"}],"predecessor-version":[{"id":5506,"href":"https:\/\/ignitecongress.com\/en\/wp-json\/wp\/v2\/pages\/5027\/revisions\/5506"}],"wp:attachment":[{"href":"https:\/\/ignitecongress.com\/en\/wp-json\/wp\/v2\/media?parent=5027"}],"curies":[{"name":"wp","href":"https:\/\/api.w.org\/{rel}","templated":true}]}}