{"id":4793,"date":"2026-03-11T11:39:45","date_gmt":"2026-03-11T11:39:45","guid":{"rendered":"https:\/\/ignitecongress.com\/?page_id=4793"},"modified":"2026-03-16T08:11:31","modified_gmt":"2026-03-16T08:11:31","slug":"quiero_ser_empresa_patrocinadora","status":"publish","type":"page","link":"https:\/\/ignitecongress.com\/en\/quiero_ser_empresa_patrocinadora\/","title":{"rendered":"BECOME A SPONSOR"},"content":{"rendered":"<div data-elementor-type=\"wp-page\" data-elementor-id=\"4793\" class=\"elementor elementor-4793\" data-elementor-post-type=\"page\">\n\t\t\t\t<div class=\"elementor-element elementor-element-70b9036 e-flex e-con-boxed e-con e-parent\" data-id=\"70b9036\" data-element_type=\"container\" data-e-type=\"container\">\n\t\t\t\t\t<div class=\"e-con-inner\">\n\t\t<div class=\"elementor-element elementor-element-941a79a e-con-full ignite-submit-section e-flex e-con e-child\" data-id=\"941a79a\" data-element_type=\"container\" data-e-type=\"container\" data-settings=\"{&quot;background_background&quot;:&quot;classic&quot;}\">\n\t\t<div class=\"elementor-element elementor-element-2504475 e-con-full e-flex e-con e-child\" data-id=\"2504475\" data-element_type=\"container\" data-e-type=\"container\">\n\t\t\t\t<div class=\"elementor-element elementor-element-9021d60 elementor-widget elementor-widget-heading\" data-id=\"9021d60\" data-element_type=\"widget\" data-e-type=\"widget\" data-widget_type=\"heading.default\">\n\t\t\t\t\t<h1 class=\"elementor-heading-title elementor-size-default\">BECOME A SPONSOR\n<\/h1>\t\t\t\t<\/div>\n\t\t\t\t<\/div>\n\t\t\t\t<\/div>\n\t\t\t\t\t<\/div>\n\t\t\t\t<\/div>\n\t\t<div class=\"elementor-element elementor-element-2d9622e e-con-full sponsor-grid e-flex e-con e-parent\" data-id=\"2d9622e\" data-element_type=\"container\" data-e-type=\"container\">\n\t\t<div class=\"elementor-element elementor-element-6594ef1 e-con-full sponsor-info e-flex e-con e-child\" data-id=\"6594ef1\" data-element_type=\"container\" data-e-type=\"container\">\n\t\t\t\t<div class=\"elementor-element elementor-element-7d61c86 elementor-widget elementor-widget-heading\" data-id=\"7d61c86\" data-element_type=\"widget\" data-e-type=\"widget\" data-widget_type=\"heading.default\">\n\t\t\t\t\t<h2 class=\"elementor-heading-title elementor-size-default\">Sponsorship conditions:<\/h2>\t\t\t\t<\/div>\n\t\t\t\t<div class=\"elementor-element elementor-element-ad5ad3c sponsor-intro elementor-widget elementor-widget-text-editor\" data-id=\"ad5ad3c\" data-element_type=\"widget\" data-e-type=\"widget\" data-widget_type=\"text-editor.default\">\n\t\t\t\t\t\t\t\t\tYour company logo will be included in:\t\t\t\t\t\t\t\t<\/div>\n\t\t\t\t<div class=\"elementor-element elementor-element-3c0a548 sponsor-list elementor-widget elementor-widget-text-editor\" data-id=\"3c0a548\" data-element_type=\"widget\" data-e-type=\"widget\" data-widget_type=\"text-editor.default\">\n\t\t\t\t\t\t\t\t\t<ul class=\"sponsor-list\">\n  <li>The IGNITE 26 programme and brochures<\/li>\n  <li>The newsletters sent to more than 4,000 people from all over the world related to the ceramic sector<\/li>\n  <li>The IGNITE website with the corresponding link to the sponsor\u2019s website<\/li>\n  <li>The Congress venue\u2019s decoration elements (panels, banners, stages, etc\u2026)<\/li>\n<\/ul>\t\t\t\t\t\t\t\t<\/div>\n\t\t\t\t<\/div>\n\t\t<div class=\"elementor-element elementor-element-cb7f99d e-con-full sponsor-side e-flex e-con e-child\" data-id=\"cb7f99d\" data-element_type=\"container\" data-e-type=\"container\">\n\t\t\t\t<div class=\"elementor-element elementor-element-9fb2e91 sponsor-price elementor-widget elementor-widget-text-editor\" data-id=\"9fb2e91\" data-element_type=\"widget\" data-e-type=\"widget\" data-widget_type=\"text-editor.default\">\n\t\t\t\t\t\t\t\t\t<div class=\"sponsor-price\"><br \/><strong>Sponsorship fee:\u00a0 \u00a0<\/strong><strong>3.000 \u20ac<\/strong><br \/>The fee includes 3 registrations at the congress.<\/div>\t\t\t\t\t\t\t\t<\/div>\n\t\t\t\t<div class=\"elementor-element elementor-element-88b2256 sponsor-contact elementor-widget elementor-widget-text-editor\" data-id=\"88b2256\" data-element_type=\"widget\" data-e-type=\"widget\" data-widget_type=\"text-editor.default\">\n\t\t\t\t\t\t\t\t\t<div class=\"sponsor-contact\"><h4>Contact information<\/h4><div class=\"sponsor-contact-item\">\ud83d\udc64 Concha Llorens<\/div><div class=\"sponsor-contact-item\">\u2709\ufe0f <a href=\"mailto:qualicer@qualicer.org\">ignitecongress@camaracastellon.com<\/a><\/div><div class=\"sponsor-contact-item\">\ud83d\udcde <a href=\"tel:+34964356500\">+34 964 356 500<\/a><\/div><\/div>\t\t\t\t\t\t\t\t<\/div>\n\t\t\t\t<\/div>\n\t\t\t\t<\/div>\n\t\t\t\t<\/div>","protected":false},"excerpt":{"rendered":"<p>QUIERO SER EMPRESA PATROCINADORA Condiciones de sponsorizaci\u00f3n: El logotipo de su empresa se incluir\u00e1 en: Los programas y folletos de IGNITE\u201926 Las newsletters remitidas a m\u00e1s de 4.000 destinatarios de todo el mundo La p\u00e1gina web de IGNITE con enlace a la web del patrocinador Los elementos de ambientaci\u00f3n en sede del Congreso (paneles, lonas,&#8230; <\/p>\n<div class=\"clear\"><\/div>\n<p><a href=\"https:\/\/ignitecongress.com\/en\/quiero_ser_empresa_patrocinadora\/\" class=\"gdlr-info-font excerpt-read-more\">Read More<\/a><\/p>","protected":false},"author":1,"featured_media":0,"parent":0,"menu_order":0,"comment_status":"closed","ping_status":"closed","template":"","meta":{"footnotes":""},"class_list":["post-4793","page","type-page","status-publish","hentry"],"_links":{"self":[{"href":"https:\/\/ignitecongress.com\/en\/wp-json\/wp\/v2\/pages\/4793","targetHints":{"allow":["GET"]}}],"collection":[{"href":"https:\/\/ignitecongress.com\/en\/wp-json\/wp\/v2\/pages"}],"about":[{"href":"https:\/\/ignitecongress.com\/en\/wp-json\/wp\/v2\/types\/page"}],"author":[{"embeddable":true,"href":"https:\/\/ignitecongress.com\/en\/wp-json\/wp\/v2\/users\/1"}],"replies":[{"embeddable":true,"href":"https:\/\/ignitecongress.com\/en\/wp-json\/wp\/v2\/comments?post=4793"}],"version-history":[{"count":10,"href":"https:\/\/ignitecongress.com\/en\/wp-json\/wp\/v2\/pages\/4793\/revisions"}],"predecessor-version":[{"id":4915,"href":"https:\/\/ignitecongress.com\/en\/wp-json\/wp\/v2\/pages\/4793\/revisions\/4915"}],"wp:attachment":[{"href":"https:\/\/ignitecongress.com\/en\/wp-json\/wp\/v2\/media?parent=4793"}],"curies":[{"name":"wp","href":"https:\/\/api.w.org\/{rel}","templated":true}]}}