{"id":4585,"date":"2026-03-06T10:59:59","date_gmt":"2026-03-06T10:59:59","guid":{"rendered":"https:\/\/ignitecongress.com\/?page_id=4585"},"modified":"2026-04-01T08:44:07","modified_gmt":"2026-04-01T08:44:07","slug":"criterios-seleccion","status":"publish","type":"page","link":"https:\/\/ignitecongress.com\/en\/criterios-seleccion\/","title":{"rendered":"SELECTION"},"content":{"rendered":"<div data-elementor-type=\"wp-page\" data-elementor-id=\"4585\" class=\"elementor elementor-4585\" data-elementor-post-type=\"page\">\n\t\t\t\t<div class=\"elementor-element elementor-element-be54489 e-flex e-con-boxed e-con e-parent\" data-id=\"be54489\" data-element_type=\"container\" data-e-type=\"container\">\n\t\t\t\t\t<div class=\"e-con-inner\">\n\t\t<div class=\"elementor-element elementor-element-b51e52f e-con-full e-flex e-con e-child\" data-id=\"b51e52f\" data-element_type=\"container\" data-e-type=\"container\">\n\t\t<div class=\"elementor-element elementor-element-90cd640 e-con-full ignite-submit-section e-flex e-con e-child\" data-id=\"90cd640\" data-element_type=\"container\" data-e-type=\"container\" data-settings=\"{&quot;background_background&quot;:&quot;classic&quot;}\">\n\t\t<div class=\"elementor-element elementor-element-7adca88 e-con-full e-flex e-con e-child\" data-id=\"7adca88\" data-element_type=\"container\" data-e-type=\"container\">\n\t\t\t\t<div class=\"elementor-element elementor-element-750d210 elementor-widget elementor-widget-heading\" data-id=\"750d210\" data-element_type=\"widget\" data-e-type=\"widget\" data-widget_type=\"heading.default\">\n\t\t\t\t\t<h1 class=\"elementor-heading-title elementor-size-default\">CRITERIA FOR FINAL SELECTION<\/h1>\t\t\t\t<\/div>\n\t\t\t\t<div class=\"elementor-element elementor-element-3255de8 elementor-widget__width-initial elementor-widget elementor-widget-text-editor\" data-id=\"3255de8\" data-element_type=\"widget\" data-e-type=\"widget\" data-widget_type=\"text-editor.default\">\n\t\t\t\t\t\t\t\t\t<h4 style=\"text-align: center;\"><span style=\"color: #ffffff;\">The IGNITE Technical Committee will make the selection in <strong>June 2026<\/strong> based on the full versions of the papers submitted. This selection will be final.<\/span><\/h4>\t\t\t\t\t\t\t\t<\/div>\n\t\t\t\t<\/div>\n\t\t\t\t<\/div>\n\t\t\t\t<\/div>\n\t\t\t\t\t<\/div>\n\t\t\t\t<\/div>\n\t\t<div class=\"elementor-element elementor-element-4d9d912 e-con-full ignite-topics-section e-flex e-con e-child\" data-id=\"4d9d912\" data-element_type=\"container\" data-e-type=\"container\">\n\t\t<div class=\"elementor-element elementor-element-2818196 e-con-full ignite-topics-grid e-flex e-con e-child\" data-id=\"2818196\" data-element_type=\"container\" data-e-type=\"container\">\n\t\t<div class=\"elementor-element elementor-element-7d931eb e-con-full ignite-topic-card e-flex e-con e-child\" data-id=\"7d931eb\" data-element_type=\"container\" data-e-type=\"container\">\n\t\t\t\t<div class=\"elementor-element elementor-element-d8519ac elementor-widget elementor-widget-text-editor\" data-id=\"d8519ac\" data-element_type=\"widget\" data-e-type=\"widget\" data-widget_type=\"text-editor.default\">\n\t\t\t\t\t\t\t\t\t<h2>1. Submitted works must be original works that have not been published or previously submitted.<\/h2>\t\t\t\t\t\t\t\t<\/div>\n\t\t\t\t<\/div>\n\t\t<div class=\"elementor-element elementor-element-11f30f7 e-con-full ignite-topic-card e-flex e-con e-child\" data-id=\"11f30f7\" data-element_type=\"container\" data-e-type=\"container\">\n\t\t\t\t<div class=\"elementor-element elementor-element-7daccd8 elementor-widget elementor-widget-text-editor\" data-id=\"7daccd8\" data-element_type=\"widget\" data-e-type=\"widget\" data-widget_type=\"text-editor.default\">\n\t\t\t\t\t\t\t\t\t<h2>2. Authors will be positively evaluated if they highlight in their works the   novel contribution they are making to the conference.<\/h2>\t\t\t\t\t\t\t\t<\/div>\n\t\t\t\t<\/div>\n\t\t<div class=\"elementor-element elementor-element-4780304 e-con-full ignite-topic-card e-flex e-con e-child\" data-id=\"4780304\" data-element_type=\"container\" data-e-type=\"container\">\n\t\t\t\t<div class=\"elementor-element elementor-element-5aadfcd elementor-widget elementor-widget-text-editor\" data-id=\"5aadfcd\" data-element_type=\"widget\" data-e-type=\"widget\" data-widget_type=\"text-editor.default\">\n\t\t\t\t\t\t\t\t\t<h2>3. Works that specify a standard or work procedure to be incorporated into the quality management system of companies will be positively evaluated.<\/h2>\t\t\t\t\t\t\t\t<\/div>\n\t\t\t\t<\/div>\n\t\t<div class=\"elementor-element elementor-element-1d67639 e-con-full ignite-topic-card e-flex e-con e-child\" data-id=\"1d67639\" data-element_type=\"container\" data-e-type=\"container\">\n\t\t\t\t<div class=\"elementor-element elementor-element-bf28488 elementor-widget elementor-widget-text-editor\" data-id=\"bf28488\" data-element_type=\"widget\" data-e-type=\"widget\" data-widget_type=\"text-editor.default\">\n\t\t\t\t\t\t\t\t\t<h2>4. References to trade names should be minimized to what is essential.<\/h2>\t\t\t\t\t\t\t\t<\/div>\n\t\t\t\t<\/div>\n\t\t<div class=\"elementor-element elementor-element-17550c1 e-con-full ignite-topic-card e-flex e-con e-child\" data-id=\"17550c1\" data-element_type=\"container\" data-e-type=\"container\">\n\t\t\t\t<div class=\"elementor-element elementor-element-5be197f elementor-widget elementor-widget-text-editor\" data-id=\"5be197f\" data-element_type=\"widget\" data-e-type=\"widget\" data-widget_type=\"text-editor.default\">\n\t\t\t\t\t\t\t\t\t<h2>5. Where applicable, bibliographical references, newspaper archives, or other references related to the work presented must be included.<\/h2>\t\t\t\t\t\t\t\t<\/div>\n\t\t\t\t<\/div>\n\t\t<div class=\"elementor-element elementor-element-2b73781 e-con-full ignite-topic-card e-flex e-con e-child\" data-id=\"2b73781\" data-element_type=\"container\" data-e-type=\"container\">\n\t\t\t\t<div class=\"elementor-element elementor-element-933b658 elementor-widget elementor-widget-text-editor\" data-id=\"933b658\" data-element_type=\"widget\" data-e-type=\"widget\" data-widget_type=\"text-editor.default\">\n\t\t\t\t\t\t\t\t\t<h2>6. Authors grant the Official Chamber of Commerce, Industry, Services, and Navigation of Castell\u00f3n the right to publish and reproduce the works submitted, which will be distributed to attendees at the beginning of the conference.<\/h2>\t\t\t\t\t\t\t\t<\/div>\n\t\t\t\t<\/div>\n\t\t<div class=\"elementor-element elementor-element-1162589 e-con-full ignite-topic-card e-flex e-con e-child\" data-id=\"1162589\" data-element_type=\"container\" data-e-type=\"container\">\n\t\t\t\t<div class=\"elementor-element elementor-element-e1108c1 elementor-widget elementor-widget-text-editor\" data-id=\"e1108c1\" data-element_type=\"widget\" data-e-type=\"widget\" data-widget_type=\"text-editor.default\">\n\t\t\t\t\t\t\t\t\t<h2>7. The papers selected by the Technical Committee will be presented during the conference in the form of an oral presentation (20 minutes of presentation followed by 5 minutes of discussion) or poster.\u00a0<\/h2>\t\t\t\t\t\t\t\t<\/div>\n\t\t\t\t<\/div>\n\t\t<div class=\"elementor-element elementor-element-ca5e040 e-con-full ignite-topic-card e-flex e-con e-child\" data-id=\"ca5e040\" data-element_type=\"container\" data-e-type=\"container\">\n\t\t\t\t<div class=\"elementor-element elementor-element-c3395a2 elementor-widget elementor-widget-text-editor\" data-id=\"c3395a2\" data-element_type=\"widget\" data-e-type=\"widget\" data-widget_type=\"text-editor.default\">\n\t\t\t\t\t\t\t\t\t<h2>8. The papers will be included in the new IGNITE compilation, linking to the compilation of all papers presented at Qualicer (1990 \u2013 2024), available at\u00a0<a href=\"http:\/\/www.qualicer.org\/recopilatorio\" target=\"_blank\" rel=\"noopener\">http:\/\/www.qualicer.org\/recopilatorio<\/a>\u00a0<\/h2>\t\t\t\t\t\t\t\t<\/div>\n\t\t\t\t<\/div>\n\t\t\t\t<\/div>\n\t\t\t\t<\/div>\n\t\t\t\t<\/div>","protected":false},"excerpt":{"rendered":"<p>CRITERIOS DE SELECCI\u00d3N El Comit\u00e9 T\u00e9cnico de IGNITE realizar\u00e1 la selecci\u00f3n en junio de 2026&nbsp;en base a las versiones completas de los trabajos presentados. Esta selecci\u00f3n ser\u00e1 inapelable. 1. Los trabajos presentados habr\u00e1n de ser\u00a0trabajos originales no publicados ni presentados previamente. 2. Se valorar\u00e1 positivamente que los autores resalten en sus trabajos, cual es la&#8230; <\/p>\n<div class=\"clear\"><\/div>\n<p><a href=\"https:\/\/ignitecongress.com\/en\/criterios-seleccion\/\" class=\"gdlr-info-font excerpt-read-more\">Read More<\/a><\/p>","protected":false},"author":1,"featured_media":0,"parent":0,"menu_order":0,"comment_status":"closed","ping_status":"closed","template":"","meta":{"footnotes":""},"class_list":["post-4585","page","type-page","status-publish","hentry"],"_links":{"self":[{"href":"https:\/\/ignitecongress.com\/en\/wp-json\/wp\/v2\/pages\/4585","targetHints":{"allow":["GET"]}}],"collection":[{"href":"https:\/\/ignitecongress.com\/en\/wp-json\/wp\/v2\/pages"}],"about":[{"href":"https:\/\/ignitecongress.com\/en\/wp-json\/wp\/v2\/types\/page"}],"author":[{"embeddable":true,"href":"https:\/\/ignitecongress.com\/en\/wp-json\/wp\/v2\/users\/1"}],"replies":[{"embeddable":true,"href":"https:\/\/ignitecongress.com\/en\/wp-json\/wp\/v2\/comments?post=4585"}],"version-history":[{"count":10,"href":"https:\/\/ignitecongress.com\/en\/wp-json\/wp\/v2\/pages\/4585\/revisions"}],"predecessor-version":[{"id":5462,"href":"https:\/\/ignitecongress.com\/en\/wp-json\/wp\/v2\/pages\/4585\/revisions\/5462"}],"wp:attachment":[{"href":"https:\/\/ignitecongress.com\/en\/wp-json\/wp\/v2\/media?parent=4585"}],"curies":[{"name":"wp","href":"https:\/\/api.w.org\/{rel}","templated":true}]}}