{"id":4583,"date":"2026-03-06T10:59:38","date_gmt":"2026-03-06T10:59:38","guid":{"rendered":"https:\/\/ignitecongress.com\/?page_id=4583"},"modified":"2026-04-02T06:56:46","modified_gmt":"2026-04-02T06:56:46","slug":"normas-presentacion","status":"publish","type":"page","link":"https:\/\/ignitecongress.com\/en\/normas-presentacion\/","title":{"rendered":"GUIDELINES"},"content":{"rendered":"<div data-elementor-type=\"wp-page\" data-elementor-id=\"4583\" class=\"elementor elementor-4583\" data-elementor-post-type=\"page\">\n\t\t\t\t<div class=\"elementor-element elementor-element-e0044d4 e-flex e-con-boxed e-con e-parent\" data-id=\"e0044d4\" data-element_type=\"container\" data-e-type=\"container\">\n\t\t\t\t\t<div class=\"e-con-inner\">\n\t\t<div class=\"elementor-element elementor-element-a972454 e-con-full e-flex e-con e-child\" data-id=\"a972454\" data-element_type=\"container\" data-e-type=\"container\">\n\t\t<div class=\"elementor-element elementor-element-e4b1e35 e-con-full ignite-submit-section e-flex e-con e-child\" data-id=\"e4b1e35\" data-element_type=\"container\" data-e-type=\"container\" data-settings=\"{&quot;background_background&quot;:&quot;classic&quot;}\">\n\t\t<div class=\"elementor-element elementor-element-0616e9f e-con-full e-flex e-con e-child\" data-id=\"0616e9f\" data-element_type=\"container\" data-e-type=\"container\">\n\t\t\t\t<div class=\"elementor-element elementor-element-18ee341 elementor-widget elementor-widget-heading\" data-id=\"18ee341\" data-element_type=\"widget\" data-e-type=\"widget\" data-widget_type=\"heading.default\">\n\t\t\t\t\t<h1 class=\"elementor-heading-title elementor-size-default\">GUIDELINES<\/h1>\t\t\t\t<\/div>\n\t\t\t\t<div class=\"elementor-element elementor-element-c6ed9b1 elementor-widget__width-initial elementor-widget elementor-widget-text-editor\" data-id=\"c6ed9b1\" data-element_type=\"widget\" data-e-type=\"widget\" data-widget_type=\"text-editor.default\">\n\t\t\t\t\t\t\t\t\t<h4 style=\"text-align: center;\"><span style=\"color: #ffffff;\">In order to facilitate the work of the IGNITE International Technical Committee, as well as the subsequent publication of the selected papers, authors must comply with the following guidelines:<\/span><\/h4>\t\t\t\t\t\t\t\t<\/div>\n\t\t\t\t<\/div>\n\t\t\t\t<\/div>\n\t\t\t\t<\/div>\n\t\t\t\t\t<\/div>\n\t\t\t\t<\/div>\n\t\t<div class=\"elementor-element elementor-element-dcb3a92 e-con-full e-flex e-con e-child\" data-id=\"dcb3a92\" data-element_type=\"container\" data-e-type=\"container\">\n\t\t\t\t<div class=\"elementor-element elementor-element-92afba0 elementor-widget elementor-widget-heading\" data-id=\"92afba0\" data-element_type=\"widget\" data-e-type=\"widget\" data-widget_type=\"heading.default\">\n\t\t\t\t\t<h1 class=\"elementor-heading-title elementor-size-default\"><br><br>STEPS TO SUBMIT YOUR PAPER<\/h1>\t\t\t\t<\/div>\n\t\t<div class=\"elementor-element elementor-element-ddd5dd9 e-con-full e-flex e-con e-child\" data-id=\"ddd5dd9\" data-element_type=\"container\" data-e-type=\"container\">\n\t\t<div class=\"elementor-element elementor-element-36988a6 e-con-full e-flex e-con e-child\" data-id=\"36988a6\" data-element_type=\"container\" data-e-type=\"container\">\n\t\t\t\t<div class=\"elementor-element elementor-element-e3c7d8c ignite-card step-1 elementor-position-top elementor-widget elementor-widget-image-box\" data-id=\"e3c7d8c\" data-element_type=\"widget\" data-e-type=\"widget\" data-widget_type=\"image-box.default\">\n\t\t\t\t\t<div class=\"elementor-image-box-wrapper\"><figure class=\"elementor-image-box-img\"><img fetchpriority=\"high\" decoding=\"async\" width=\"228\" height=\"287\" src=\"https:\/\/ignitecongress.com\/wp-content\/uploads\/2026\/03\/1_transparent-e1772789619335.png\" class=\"attachment-full size-full wp-image-4551\" alt=\"\" srcset=\"https:\/\/ignitecongress.com\/wp-content\/uploads\/2026\/03\/1_transparent-e1772789619335.png 228w, https:\/\/ignitecongress.com\/wp-content\/uploads\/2026\/03\/1_transparent-e1772789619335-10x12.png 10w\" sizes=\"(max-width: 228px) 100vw, 228px\" \/><\/figure><div class=\"elementor-image-box-content\"><h3 class=\"elementor-image-box-title\">Prepare your paper<\/h3><p class=\"elementor-image-box-description\">Download the official template (English or Spanish) and prepare your paper following the required format: Poster (2 pages) or Oral Presentation (up to 10 pages).\n\nInclude title, authors\/organization\/country, four keywords and an abstract (for papers only). Use Microsoft Word (.docx) and follow the indicated typography and styles.<\/p><\/div><\/div>\t\t\t\t<\/div>\n\t\t\t\t<\/div>\n\t\t<div class=\"elementor-element elementor-element-3ae5291 e-con-full e-flex e-con e-child\" data-id=\"3ae5291\" data-element_type=\"container\" data-e-type=\"container\">\n\t\t\t\t<div class=\"elementor-element elementor-element-b2a7c74 ignite-card step-2 elementor-position-top elementor-widget elementor-widget-image-box\" data-id=\"b2a7c74\" data-element_type=\"widget\" data-e-type=\"widget\" data-step=\"\" data-widget_type=\"image-box.default\">\n\t\t\t\t\t<div class=\"elementor-image-box-wrapper\"><figure class=\"elementor-image-box-img\"><img decoding=\"async\" width=\"338\" height=\"333\" src=\"https:\/\/ignitecongress.com\/wp-content\/uploads\/2026\/03\/2_transparent-e1772789743102.png\" class=\"attachment-full size-full wp-image-4552\" alt=\"\" srcset=\"https:\/\/ignitecongress.com\/wp-content\/uploads\/2026\/03\/2_transparent-e1772789743102.png 338w, https:\/\/ignitecongress.com\/wp-content\/uploads\/2026\/03\/2_transparent-e1772789743102-300x296.png 300w, https:\/\/ignitecongress.com\/wp-content\/uploads\/2026\/03\/2_transparent-e1772789743102-12x12.png 12w\" sizes=\"(max-width: 338px) 100vw, 338px\" \/><\/figure><div class=\"elementor-image-box-content\"><h3 class=\"elementor-image-box-title translation-block\">Review the <br> text<\/h3><p class=\"elementor-image-box-description\">Before submitting, make sure your document complies with all the guidelines: language (English or Spanish), length, structure, and typographic styles. Ensure that images and graphics have sufficient quality to be clearly readable (and allow zooming). If they contain text, also attach the original files to facilitate translation.<\/p><\/div><\/div>\t\t\t\t<\/div>\n\t\t\t\t<\/div>\n\t\t<div class=\"elementor-element elementor-element-24518d6 e-con-full e-flex e-con e-child\" data-id=\"24518d6\" data-element_type=\"container\" data-e-type=\"container\">\n\t\t\t\t<div class=\"elementor-element elementor-element-1b91650 ignite-card step-3 elementor-position-top elementor-widget elementor-widget-image-box\" data-id=\"1b91650\" data-element_type=\"widget\" data-e-type=\"widget\" data-step=\"\" data-widget_type=\"image-box.default\">\n\t\t\t\t\t<div class=\"elementor-image-box-wrapper\"><figure class=\"elementor-image-box-img\"><a href=\"https:\/\/forms.zohopublic.eu\/camaracomerciocastellon\/form\/IGNITECallforpapers\/formperma\/xWwGqzA2eipUCDstwRr4YdIbugxIZPvaNljBLEijcpU\" tabindex=\"-1\" target=\"_blank\" rel=\"noopener\"><img decoding=\"async\" width=\"276\" height=\"356\" src=\"https:\/\/ignitecongress.com\/wp-content\/uploads\/2026\/03\/3_transparent-e1772789826185.png\" class=\"attachment-full size-full wp-image-4553\" alt=\"\" srcset=\"https:\/\/ignitecongress.com\/wp-content\/uploads\/2026\/03\/3_transparent-e1772789826185.png 276w, https:\/\/ignitecongress.com\/wp-content\/uploads\/2026\/03\/3_transparent-e1772789826185-233x300.png 233w, https:\/\/ignitecongress.com\/wp-content\/uploads\/2026\/03\/3_transparent-e1772789826185-9x12.png 9w\" sizes=\"(max-width: 276px) 100vw, 276px\" \/><\/a><\/figure><div class=\"elementor-image-box-content\"><h3 class=\"elementor-image-box-title\"><a href=\"https:\/\/forms.zohopublic.eu\/camaracomerciocastellon\/form\/IGNITECallforpapers\/formperma\/xWwGqzA2eipUCDstwRr4YdIbugxIZPvaNljBLEijcpU\" target=\"_blank\" rel=\"noopener\">Submit your paper<\/a><\/h3><p class=\"elementor-image-box-description\">Prepare a single compressed folder (.zip or .rar) containing all the requested files (the formatted document and any additional materials, if applicable) and submit it exclusively through the web form. Submissions sent through other means or in different formats will not be accepted.\n\nSubmission deadline: May 31, 2026.<\/p><\/div><\/div>\t\t\t\t<\/div>\n\t\t\t\t<\/div>\n\t\t\t\t<\/div>\n\t\t\t\t<\/div>\n\t\t<div class=\"elementor-element elementor-element-069dbd9 e-flex e-con-boxed e-con e-parent\" data-id=\"069dbd9\" data-element_type=\"container\" data-e-type=\"container\">\n\t\t\t\t\t<div class=\"e-con-inner\">\n\t\t<div class=\"elementor-element elementor-element-b0313b7 e-con-full ignite-topics-section e-flex e-con e-child\" data-id=\"b0313b7\" data-element_type=\"container\" data-e-type=\"container\">\n\t\t<div class=\"elementor-element elementor-element-499508e e-con-full ignite-topics-grid e-flex e-con e-child\" data-id=\"499508e\" data-element_type=\"container\" data-e-type=\"container\">\n\t\t<div class=\"elementor-element elementor-element-00f6e94 e-con-full ignite-topic-card e-flex e-con e-child\" data-id=\"00f6e94\" data-element_type=\"container\" data-e-type=\"container\">\n\t\t\t\t<div class=\"elementor-element elementor-element-91def04 elementor-widget elementor-widget-text-editor\" data-id=\"91def04\" data-element_type=\"widget\" data-e-type=\"widget\" data-widget_type=\"text-editor.default\">\n\t\t\t\t\t\t\t\t\t<h2>1. Format:<\/h2><p>Indicate whether you wish to present your work in the following format:<\/p><ul><li><span style=\"text-decoration: underline;\">Poster:<\/span> 2-page text and presentation at the conference venue.<\/li><li><span style=\"text-decoration: underline;\"><u>Paper:<\/u><\/span> 10-page text and oral presentation at the conference.<\/li><\/ul>\t\t\t\t\t\t\t\t<\/div>\n\t\t\t\t<\/div>\n\t\t<div class=\"elementor-element elementor-element-0b41270 e-con-full ignite-topic-card e-flex e-con e-child\" data-id=\"0b41270\" data-element_type=\"container\" data-e-type=\"container\">\n\t\t\t\t<div class=\"elementor-element elementor-element-85cf400 elementor-widget elementor-widget-text-editor\" data-id=\"85cf400\" data-element_type=\"widget\" data-e-type=\"widget\" data-widget_type=\"text-editor.default\">\n\t\t\t\t\t\t\t\t\t<h2>2. Communication language:<\/h2><p class=\"translation-block\">Communications must be presented in <strong>English or Spanish<\/strong>, the official languages of the Congress.<\/p>\t\t\t\t\t\t\t\t<\/div>\n\t\t\t\t<\/div>\n\t\t<div class=\"elementor-element elementor-element-ab6fa19 e-con-full ignite-topic-card e-flex e-con e-child\" data-id=\"ab6fa19\" data-element_type=\"container\" data-e-type=\"container\">\n\t\t\t\t<div class=\"elementor-element elementor-element-82634cb elementor-widget elementor-widget-text-editor\" data-id=\"82634cb\" data-element_type=\"widget\" data-e-type=\"widget\" data-widget_type=\"text-editor.default\">\n\t\t\t\t\t\t\t\t\t<h2>3. Information:<\/h2><p>The following information must be included:<\/p><ul><li>Title<\/li><li>Name of author(s), organization, and country of origin<\/li><li>4 Keywords.<\/li><li>Abstract (required for papers)<\/li><\/ul>\t\t\t\t\t\t\t\t<\/div>\n\t\t\t\t<\/div>\n\t\t<div class=\"elementor-element elementor-element-dcc5c60 e-con-full ignite-topic-card e-flex e-con e-child\" data-id=\"dcc5c60\" data-element_type=\"container\" data-e-type=\"container\">\n\t\t\t\t<div class=\"elementor-element elementor-element-88f931a elementor-widget elementor-widget-text-editor\" data-id=\"88f931a\" data-element_type=\"widget\" data-e-type=\"widget\" data-widget_type=\"text-editor.default\">\n\t\t\t\t\t\t\t\t\t<h2>4. File format:<\/h2><p>The document must be submitted in editable Microsoft Word format (.docx).<\/p><ul><li><span style=\"text-decoration: underline;\"><u>Font:<\/u><\/span> Inter 18pt.<\/li><li class=\"translation-block\"><u>Title of the paper<\/u>: Inter 18pt Black, 18 points, uppercase.<\/li><li class=\"translation-block\"><u>Author:<\/u> Inter 18pt Black, 11 points, lowercase.<\/li><li class=\"translation-block\"><u>Company and Country<\/u>: Inter 18pt Black, 10 points.<\/li><li class=\"translation-block\"><u>Title of the paper<\/u>: Inter 18pt Black, 18 points, uppercase.<\/li><li><span style=\"text-decoration: underline;\"><u>Text:<\/u><\/span> Inter 18pt 11 (Line spacing: simple)<\/li><\/ul>\t\t\t\t\t\t\t\t<\/div>\n\t\t\t\t<\/div>\n\t\t<div class=\"elementor-element elementor-element-6a88c98 e-con-full ignite-topic-card e-flex e-con e-child\" data-id=\"6a88c98\" data-element_type=\"container\" data-e-type=\"container\">\n\t\t\t\t<div class=\"elementor-element elementor-element-1c3a999 elementor-widget elementor-widget-text-editor\" data-id=\"1c3a999\" data-element_type=\"widget\" data-e-type=\"widget\" data-widget_type=\"text-editor.default\">\n\t\t\t\t\t\t\t\t\t<h2>5. Typesetting<\/h2><ul><li class=\"translation-block\"><strong>The author must submit the formatted document<\/strong> (including text, images, graphics, etc.).<\/li><\/ul>\t\t\t\t\t\t\t\t<\/div>\n\t\t\t\t<\/div>\n\t\t<div class=\"elementor-element elementor-element-0d6c9c4 e-con-full ignite-topic-card e-flex e-con e-child\" data-id=\"0d6c9c4\" data-element_type=\"container\" data-e-type=\"container\">\n\t\t\t\t<div class=\"elementor-element elementor-element-0b41e41 elementor-widget elementor-widget-text-editor\" data-id=\"0b41e41\" data-element_type=\"widget\" data-e-type=\"widget\" data-widget_type=\"text-editor.default\">\n\t\t\t\t\t\t\t\t\t<h2>6. Template<\/h2><ul><li class=\"translation-block\">The <strong>template<\/strong> provided via the download button on this website must be used.<\/li><\/ul>\t\t\t\t\t\t\t\t<\/div>\n\t\t<div class=\"elementor-element elementor-element-15b451f e-con-full ignite-doc-download e-flex e-con e-child\" data-id=\"15b451f\" data-element_type=\"container\" data-e-type=\"container\">\n\t\t\t\t<div class=\"elementor-element elementor-element-4da056c elementor-widget elementor-widget-button\" data-id=\"4da056c\" data-element_type=\"widget\" data-e-type=\"widget\" data-widget_type=\"button.default\">\n\t\t\t\t\t\t\t\t\t\t<a class=\"elementor-button elementor-button-link elementor-size-sm\" href=\"https:\/\/ignitecongress.com\/wp-content\/uploads\/2026\/03\/Plantilla-ponencias-ignite-26-ING.docx\" id=\"ignite-template-buttons\">\n\t\t\t\t\t\t<span class=\"elementor-button-content-wrapper\">\n\t\t\t\t\t\t\t\t\t<span class=\"elementor-button-text\">DOWNLOAD SPANISH TEMPLATE<\/span>\n\t\t\t\t\t<\/span>\n\t\t\t\t\t<\/a>\n\t\t\t\t\t\t\t\t<\/div>\n\t\t\t\t<div class=\"elementor-element elementor-element-72bb10f elementor-widget elementor-widget-button\" data-id=\"72bb10f\" data-element_type=\"widget\" data-e-type=\"widget\" data-widget_type=\"button.default\">\n\t\t\t\t\t\t\t\t\t\t<a class=\"elementor-button elementor-button-link elementor-size-sm\" href=\"https:\/\/ignitecongress.com\/wp-content\/uploads\/2026\/03\/Plantilla-ponencias-ignite-26-ESP.docx\" id=\"ignite-template-buttons\">\n\t\t\t\t\t\t<span class=\"elementor-button-content-wrapper\">\n\t\t\t\t\t\t\t\t\t<span class=\"elementor-button-text\">DOWNLOAD ENGLISH TEMPLATE<\/span>\n\t\t\t\t\t<\/span>\n\t\t\t\t\t<\/a>\n\t\t\t\t\t\t\t\t<\/div>\n\t\t\t\t<\/div>\n\t\t\t\t<\/div>\n\t\t<div class=\"elementor-element elementor-element-d68061c e-con-full ignite-topic-card e-flex e-con e-child\" data-id=\"d68061c\" data-element_type=\"container\" data-e-type=\"container\">\n\t\t\t\t<div class=\"elementor-element elementor-element-e8f80e1 elementor-widget elementor-widget-text-editor\" data-id=\"e8f80e1\" data-element_type=\"widget\" data-e-type=\"widget\" data-widget_type=\"text-editor.default\">\n\t\t\t\t\t\t\t\t\t<h2>7. Images<\/h2><ul><li>If the images contain names or concepts, the original files must also be submitted to facilitate translation.<\/li><li>The images must have a resolution that allows direct reading or zooming in to read all the text, captions, and information they contain. The document may contain links to documents, videos, etc. published on the internet that are referenced in the communication presented.<\/li><\/ul>\t\t\t\t\t\t\t\t<\/div>\n\t\t\t\t<\/div>\n\t\t<div class=\"elementor-element elementor-element-5791c4c e-con-full ignite-topic-card e-flex e-con e-child\" data-id=\"5791c4c\" data-element_type=\"container\" data-e-type=\"container\">\n\t\t\t\t<div class=\"elementor-element elementor-element-2841fa4 elementor-widget elementor-widget-text-editor\" data-id=\"2841fa4\" data-element_type=\"widget\" data-e-type=\"widget\" data-widget_type=\"text-editor.default\">\n\t\t\t\t\t\t\t\t\t<h2>8. Extension<\/h2><ul><li class=\"translation-block\"><strong>Papers<\/strong>: maximum <strong>10 pages<\/strong> (Inter 18pt, 11 points), including images, graphics, and tables.<\/li><li class=\"translation-block\"><strong>Posters:<\/strong> <strong>2 pages.<\/strong><\/li><\/ul>\t\t\t\t\t\t\t\t<\/div>\n\t\t\t\t<\/div>\n\t\t<div class=\"elementor-element elementor-element-4b51d0d e-con-full ignite-topic-card e-flex e-con e-child\" data-id=\"4b51d0d\" data-element_type=\"container\" data-e-type=\"container\">\n\t\t\t\t<div class=\"elementor-element elementor-element-c413b69 elementor-widget elementor-widget-text-editor\" data-id=\"c413b69\" data-element_type=\"widget\" data-e-type=\"widget\" data-widget_type=\"text-editor.default\">\n\t\t\t\t\t\t\t\t\t<h2>9. Documentation submission<\/h2><ul><li>All required documentation must be submitted exclusively through the designated web form.<\/li><li>A single compressed folder in .zip or .rar format containing all the requested files must be attached.<\/li><li>Documents submitted through other means or in formats different from those specified will not be accepted.<\/li><\/ul>\t\t\t\t\t\t\t\t<\/div>\n\t\t\t\t<\/div>\n\t\t<div class=\"elementor-element elementor-element-0504a62 e-con-full ignite-topic-card e-flex e-con e-child\" data-id=\"0504a62\" data-element_type=\"container\" data-e-type=\"container\">\n\t\t\t\t<div class=\"elementor-element elementor-element-e319aa8 elementor-widget elementor-widget-text-editor\" data-id=\"e319aa8\" data-element_type=\"widget\" data-e-type=\"widget\" data-widget_type=\"text-editor.default\">\n\t\t\t\t\t\t\t\t\t<h2>10. Deadline for submitting papers:<\/h2><ul><li>La fecha m\u00e1xima para la recepci\u00f3n de comunicaciones ser\u00e1 el <span style=\"text-decoration: underline;\">31\u00a0de mayo de 2026<\/span>.<\/li><\/ul>\t\t\t\t\t\t\t\t<\/div>\n\t\t\t\t<\/div>\n\t\t<div class=\"elementor-element elementor-element-8b4da4b e-con-full ignite-topic-card e-flex e-con e-child\" data-id=\"8b4da4b\" data-element_type=\"container\" data-e-type=\"container\">\n\t\t\t\t<div class=\"elementor-element elementor-element-e4cecf6 elementor-widget elementor-widget-text-editor\" data-id=\"e4cecf6\" data-element_type=\"widget\" data-e-type=\"widget\" data-widget_type=\"text-editor.default\">\n\t\t\t\t\t\t\t\t\t<h2>11. Presentation at the congress venue:<\/h2><ul><li class=\"translation-block\"><strong>Papers<\/strong> selected by the Technical Committee will be presented during the congress (<strong>20 minutes<\/strong> for the presentation followed by 5 minutes of discussion).<\/li><li class=\"translation-block\"><strong>Selected posters<\/strong> will be displayed at the conference venue on touchscreen displays.<\/li><li>The works will be included in the IGNITE compilation, which links to the compendium of all works presented at Qualicer (1990-2024), available at: <a href=\"http:\/\/www.qualicer.org\/recopilatorio\" target=\"_blank\" rel=\"noopener\">http:\/\/www.qualicer.org\/recopilatorio<\/a>.<\/li><\/ul>\t\t\t\t\t\t\t\t<\/div>\n\t\t\t\t<\/div>\n\t\t<div class=\"elementor-element elementor-element-c6f977b e-con-full ignite-topic-card e-flex e-con e-child\" data-id=\"c6f977b\" data-element_type=\"container\" data-e-type=\"container\">\n\t\t\t\t<div class=\"elementor-element elementor-element-f0f4cb7 elementor-widget elementor-widget-text-editor\" data-id=\"f0f4cb7\" data-element_type=\"widget\" data-e-type=\"widget\" data-widget_type=\"text-editor.default\">\n\t\t\t\t\t\t\t\t\t<h2>12. ISBN \u2013 ISSN<\/h2><ul><li>We remind you that IGNITE publications will have an-ISSN: and an-ISBN corresponding to each edition of the Congress.<\/li><\/ul>\t\t\t\t\t\t\t\t<\/div>\n\t\t\t\t<\/div>\n\t\t\t\t<\/div>\n\t\t\t\t<\/div>\n\t\t\t\t\t<\/div>\n\t\t\t\t<\/div>\n\t\t\t\t<\/div>","protected":false},"excerpt":{"rendered":"<p>NORMAS\u200b Con la finalidad de facilitar los trabajos del Comit\u00e9 T\u00e9cnico Internacional de IGNITE, as\u00ed como la posterior edici\u00f3n de las comunicaciones seleccionadas, los autores deber\u00e1n ajustarse a las siguientes normas: PASOS PARA PRESENTAR SU COMUNICACI\u00d3N Escriba su trabajo Descarga la plantilla oficial (ingl\u00e9s o espa\u00f1ol) y redacta tu comunicaci\u00f3n ajust\u00e1ndote al formato requerido: Poster&#8230; <\/p>\n<div class=\"clear\"><\/div>\n<p><a href=\"https:\/\/ignitecongress.com\/en\/normas-presentacion\/\" class=\"gdlr-info-font excerpt-read-more\">Read More<\/a><\/p>","protected":false},"author":1,"featured_media":0,"parent":0,"menu_order":0,"comment_status":"closed","ping_status":"closed","template":"","meta":{"footnotes":""},"class_list":["post-4583","page","type-page","status-publish","hentry"],"_links":{"self":[{"href":"https:\/\/ignitecongress.com\/en\/wp-json\/wp\/v2\/pages\/4583","targetHints":{"allow":["GET"]}}],"collection":[{"href":"https:\/\/ignitecongress.com\/en\/wp-json\/wp\/v2\/pages"}],"about":[{"href":"https:\/\/ignitecongress.com\/en\/wp-json\/wp\/v2\/types\/page"}],"author":[{"embeddable":true,"href":"https:\/\/ignitecongress.com\/en\/wp-json\/wp\/v2\/users\/1"}],"replies":[{"embeddable":true,"href":"https:\/\/ignitecongress.com\/en\/wp-json\/wp\/v2\/comments?post=4583"}],"version-history":[{"count":10,"href":"https:\/\/ignitecongress.com\/en\/wp-json\/wp\/v2\/pages\/4583\/revisions"}],"predecessor-version":[{"id":5483,"href":"https:\/\/ignitecongress.com\/en\/wp-json\/wp\/v2\/pages\/4583\/revisions\/5483"}],"wp:attachment":[{"href":"https:\/\/ignitecongress.com\/en\/wp-json\/wp\/v2\/media?parent=4583"}],"curies":[{"name":"wp","href":"https:\/\/api.w.org\/{rel}","templated":true}]}}