{"id":4361,"date":"2026-03-05T15:08:32","date_gmt":"2026-03-05T15:08:32","guid":{"rendered":"https:\/\/ignitecongress.com\/?page_id=4361"},"modified":"2026-04-02T10:08:08","modified_gmt":"2026-04-02T10:08:08","slug":"presentacion-de-ponencias","status":"publish","type":"page","link":"https:\/\/ignitecongress.com\/en\/presentacion-de-ponencias\/","title":{"rendered":"CALL FOR PAPERS"},"content":{"rendered":"<div data-elementor-type=\"wp-page\" data-elementor-id=\"4361\" class=\"elementor elementor-4361\" data-elementor-post-type=\"page\">\n\t\t\t\t<div class=\"elementor-element elementor-element-70b9036 e-flex e-con-boxed e-con e-parent\" data-id=\"70b9036\" data-element_type=\"container\" data-e-type=\"container\">\n\t\t\t\t\t<div class=\"e-con-inner\">\n\t\t<div class=\"elementor-element elementor-element-478dc9c e-con-full e-flex e-con e-child\" data-id=\"478dc9c\" data-element_type=\"container\" data-e-type=\"container\">\n\t\t<div class=\"elementor-element elementor-element-65eab17 e-con-full ignite-submit-section e-flex e-con e-child\" data-id=\"65eab17\" data-element_type=\"container\" data-e-type=\"container\" data-settings=\"{&quot;background_background&quot;:&quot;classic&quot;}\">\n\t\t<div class=\"elementor-element elementor-element-a0b328e e-con-full e-flex e-con e-child\" data-id=\"a0b328e\" data-element_type=\"container\" data-e-type=\"container\">\n\t\t\t\t<div class=\"elementor-element elementor-element-b586d10 elementor-widget elementor-widget-heading\" data-id=\"b586d10\" data-element_type=\"widget\" data-e-type=\"widget\" data-widget_type=\"heading.default\">\n\t\t\t\t\t<h1 class=\"elementor-heading-title elementor-size-default\">CALL FOR PAPERS<\/h1>\t\t\t\t<\/div>\n\t\t\t\t<\/div>\n\t\t\t\t<\/div>\n\t\t\t\t<\/div>\n\t\t\t\t\t<\/div>\n\t\t\t\t<\/div>\n\t\t<div class=\"elementor-element elementor-element-e0044d4 e-con-full e-flex e-con e-parent\" data-id=\"e0044d4\" data-element_type=\"container\" data-e-type=\"container\">\n\t\t<div class=\"elementor-element elementor-element-8872812 e-con-full ignite-topics-section e-flex e-con e-child\" data-id=\"8872812\" data-element_type=\"container\" data-e-type=\"container\">\n\t\t<div class=\"elementor-element elementor-element-e972cb6 e-con-full ignite-topics-grid e-flex e-con e-child\" data-id=\"e972cb6\" data-element_type=\"container\" data-e-type=\"container\">\n\t\t<div class=\"elementor-element elementor-element-2210fd9 e-con-full ignite-topic-card e-flex e-con e-child\" data-id=\"2210fd9\" data-element_type=\"container\" data-e-type=\"container\">\n\t\t\t\t<div class=\"elementor-element elementor-element-bd72ef0 elementor-widget elementor-widget-text-editor\" data-id=\"bd72ef0\" data-element_type=\"widget\" data-e-type=\"widget\" data-widget_type=\"text-editor.default\">\n\t\t\t\t\t\t\t\t\t<p>IGNITE'26 is open to any field within the international ceramics industry. No paper will be rejected if it is innovative, rigorous, and provides technical or strategic value, even if its subject matter does not exactly coincide with the priority areas of this edition.<\/p>\t\t\t\t\t\t\t\t<\/div>\n\t\t\t\t<\/div>\n\t\t<div class=\"elementor-element elementor-element-67308b6 e-con-full ignite-topic-card e-flex e-con e-child\" data-id=\"67308b6\" data-element_type=\"container\" data-e-type=\"container\">\n\t\t\t\t<div class=\"elementor-element elementor-element-4ce122d elementor-widget elementor-widget-text-editor\" data-id=\"4ce122d\" data-element_type=\"widget\" data-e-type=\"widget\" data-widget_type=\"text-editor.default\">\n\t\t\t\t\t\t\t\t\t<p>The conference places special emphasis on contributions that address the major structural challenges currently facing the ceramics industry in an environment of energy, technological, and geopolitical transformation.<\/p>\t\t\t\t\t\t\t\t<\/div>\n\t\t\t\t<\/div>\n\t\t<div class=\"elementor-element elementor-element-22025c9 e-con-full ignite-topic-card e-flex e-con e-child\" data-id=\"22025c9\" data-element_type=\"container\" data-e-type=\"container\">\n\t\t\t\t<div class=\"elementor-element elementor-element-8d26d69 elementor-widget elementor-widget-text-editor\" data-id=\"8d26d69\" data-element_type=\"widget\" data-e-type=\"widget\" data-widget_type=\"text-editor.default\">\n\t\t\t\t\t\t\t\t\t<p>Papers that provide viable solutions for moving towards a more competitive, decarbonized, and resilient industry will be valued, including those proposals that enable the successful management of transitional periods marked by volatility in energy costs and supply chains.<\/p>\t\t\t\t\t\t\t\t<\/div>\n\t\t\t\t<\/div>\n\t\t<div class=\"elementor-element elementor-element-4e90544 e-con-full ignite-topic-card e-flex e-con e-child\" data-id=\"4e90544\" data-element_type=\"container\" data-e-type=\"container\">\n\t\t\t\t<div class=\"elementor-element elementor-element-b6d27d5 elementor-widget elementor-widget-text-editor\" data-id=\"b6d27d5\" data-element_type=\"widget\" data-e-type=\"widget\" data-widget_type=\"text-editor.default\">\n\t\t\t\t\t\t\t\t\t<p class=\"translation-block\">Likewise, papers related to the deep integration of digitalization in industrial processes, the application of artificial intelligence and advanced automation in the areas of management, production, design, and marketing, as well as in industrialized installation and construction processes, will be considered particularly relevant.<\/p>\t\t\t\t\t\t\t\t<\/div>\n\t\t\t\t<\/div>\n\t\t<div class=\"elementor-element elementor-element-a2bb1f6 e-con-full ignite-topic-card e-flex e-con e-child\" data-id=\"a2bb1f6\" data-element_type=\"container\" data-e-type=\"container\">\n\t\t\t\t<div class=\"elementor-element elementor-element-6cdeece elementor-widget elementor-widget-text-editor\" data-id=\"6cdeece\" data-element_type=\"widget\" data-e-type=\"widget\" data-widget_type=\"text-editor.default\">\n\t\t\t\t\t\t\t\t\t<p class=\"translation-block\">The conference also maintains its interest in the development of advanced ceramic materials, new functionalities, smart surfaces, and high-performance construction solutions, including their integration into industrialized building systems, BIM processes, and parametric design.<\/p>\t\t\t\t\t\t\t\t<\/div>\n\t\t\t\t<\/div>\n\t\t<div class=\"elementor-element elementor-element-05adbfc e-con-full ignite-topic-card e-flex e-con e-child\" data-id=\"05adbfc\" data-element_type=\"container\" data-e-type=\"container\">\n\t\t\t\t<div class=\"elementor-element elementor-element-a0a377c elementor-widget elementor-widget-text-editor\" data-id=\"a0a377c\" data-element_type=\"widget\" data-e-type=\"widget\" data-widget_type=\"text-editor.default\">\n\t\t\t\t\t\t\t\t\t<p class=\"translation-block\">Contributions in the areas of sustainability, circular economy, eco-design, life cycle analysis, and traceability will also be valued, as well as those works that incorporate approaches or technologies from other industrial sectors that may be transferable to the ceramic industry.<\/p>\t\t\t\t\t\t\t\t<\/div>\n\t\t\t\t<\/div>\n\t\t<div class=\"elementor-element elementor-element-e9592ae e-con-full ignite-topic-card e-flex e-con e-child\" data-id=\"e9592ae\" data-element_type=\"container\" data-e-type=\"container\">\n\t\t\t\t<div class=\"elementor-element elementor-element-a7b9ad4 elementor-widget elementor-widget-text-editor\" data-id=\"a7b9ad4\" data-element_type=\"widget\" data-e-type=\"widget\" data-widget_type=\"text-editor.default\">\n\t\t\t\t\t\t\t\t\t<p>Works aligned with these strategic themes will be given special consideration in the configuration of the scientific and technical program of the conference.<\/p>\t\t\t\t\t\t\t\t<\/div>\n\t\t\t\t<\/div>\n\t\t\t\t<\/div>\n\t\t\t\t<\/div>\n\t\t\t\t<\/div>\n\t\t<div class=\"elementor-element elementor-element-74bf095 e-con-full e-flex e-con e-parent\" data-id=\"74bf095\" data-element_type=\"container\" data-e-type=\"container\">\n\t\t<div class=\"elementor-element elementor-element-b92d774 e-con-full e-flex e-con e-child\" data-id=\"b92d774\" data-element_type=\"container\" data-e-type=\"container\">\n\t\t<div class=\"elementor-element elementor-element-592d5cd e-con-full e-flex e-con e-child\" data-id=\"592d5cd\" data-element_type=\"container\" data-e-type=\"container\">\n\t\t<div class=\"elementor-element elementor-element-a62267e e-con-full e-flex e-con e-child\" data-id=\"a62267e\" data-element_type=\"container\" data-e-type=\"container\">\n\t\t\t\t<div class=\"elementor-element elementor-element-e301572 ignite-card step-1 elementor-position-top elementor-widget elementor-widget-image-box\" data-id=\"e301572\" data-element_type=\"widget\" data-e-type=\"widget\" data-widget_type=\"image-box.default\">\n\t\t\t\t\t<div class=\"elementor-image-box-wrapper\"><figure class=\"elementor-image-box-img\"><a href=\"https:\/\/ignitecongress.com\/en\/tematica-ignite-2026-congreso-castellon\/\" tabindex=\"-1\"><img fetchpriority=\"high\" decoding=\"async\" width=\"370\" height=\"380\" src=\"https:\/\/ignitecongress.com\/wp-content\/uploads\/2026\/03\/ChatGPT-Image-6-mar-2026-12_16_49-e1772796023614.png\" class=\"attachment-full size-full wp-image-4623\" alt=\"\" srcset=\"https:\/\/ignitecongress.com\/wp-content\/uploads\/2026\/03\/ChatGPT-Image-6-mar-2026-12_16_49-e1772796023614.png 370w, https:\/\/ignitecongress.com\/wp-content\/uploads\/2026\/03\/ChatGPT-Image-6-mar-2026-12_16_49-e1772796023614-292x300.png 292w, https:\/\/ignitecongress.com\/wp-content\/uploads\/2026\/03\/ChatGPT-Image-6-mar-2026-12_16_49-e1772796023614-12x12.png 12w\" sizes=\"(max-width: 370px) 100vw, 370px\" \/><\/a><\/figure><div class=\"elementor-image-box-content\"><h3 class=\"elementor-image-box-title\"><a href=\"https:\/\/ignitecongress.com\/en\/tematica-ignite-2026-congreso-castellon\/\">CONTENTS<\/a><\/h3><\/div><\/div>\t\t\t\t<\/div>\n\t\t\t\t<\/div>\n\t\t<div class=\"elementor-element elementor-element-8530e36 e-con-full e-flex e-con e-child\" data-id=\"8530e36\" data-element_type=\"container\" data-e-type=\"container\">\n\t\t\t\t<div class=\"elementor-element elementor-element-bd6171d ignite-card step-2 elementor-position-top elementor-widget elementor-widget-image-box\" data-id=\"bd6171d\" data-element_type=\"widget\" data-e-type=\"widget\" data-step=\"\" data-widget_type=\"image-box.default\">\n\t\t\t\t\t<div class=\"elementor-image-box-wrapper\"><figure class=\"elementor-image-box-img\"><a href=\"https:\/\/ignitecongress.com\/en\/normas-presentacion\/\" tabindex=\"-1\"><img decoding=\"async\" width=\"390\" height=\"387\" src=\"https:\/\/ignitecongress.com\/wp-content\/uploads\/2026\/03\/ChatGPT-Image-6-mar-2026-12_16_49-1-e1772796102309.png\" class=\"attachment-full size-full wp-image-4624\" alt=\"\" srcset=\"https:\/\/ignitecongress.com\/wp-content\/uploads\/2026\/03\/ChatGPT-Image-6-mar-2026-12_16_49-1-e1772796102309.png 390w, https:\/\/ignitecongress.com\/wp-content\/uploads\/2026\/03\/ChatGPT-Image-6-mar-2026-12_16_49-1-e1772796102309-300x298.png 300w, https:\/\/ignitecongress.com\/wp-content\/uploads\/2026\/03\/ChatGPT-Image-6-mar-2026-12_16_49-1-e1772796102309-150x150.png 150w, https:\/\/ignitecongress.com\/wp-content\/uploads\/2026\/03\/ChatGPT-Image-6-mar-2026-12_16_49-1-e1772796102309-12x12.png 12w\" sizes=\"(max-width: 390px) 100vw, 390px\" \/><\/a><\/figure><div class=\"elementor-image-box-content\"><h3 class=\"elementor-image-box-title\"><a href=\"https:\/\/ignitecongress.com\/en\/normas-presentacion\/\">GUIDELINES<\/a><\/h3><\/div><\/div>\t\t\t\t<\/div>\n\t\t\t\t<\/div>\n\t\t<div class=\"elementor-element elementor-element-0a3c01a e-con-full e-flex e-con e-child\" data-id=\"0a3c01a\" data-element_type=\"container\" data-e-type=\"container\">\n\t\t\t\t<div class=\"elementor-element elementor-element-9a79e59 ignite-card step-3 elementor-position-top elementor-widget elementor-widget-image-box\" data-id=\"9a79e59\" data-element_type=\"widget\" data-e-type=\"widget\" data-step=\"\" data-widget_type=\"image-box.default\">\n\t\t\t\t\t<div class=\"elementor-image-box-wrapper\"><figure class=\"elementor-image-box-img\"><a href=\"https:\/\/ignitecongress.com\/en\/criterios-seleccion\/\" tabindex=\"-1\"><img decoding=\"async\" width=\"341\" height=\"335\" src=\"https:\/\/ignitecongress.com\/wp-content\/uploads\/2026\/03\/ChatGPT-Image-6-mar-2026-12_16_49-2-e1772796202420.png\" class=\"attachment-full size-full wp-image-4625\" alt=\"\" srcset=\"https:\/\/ignitecongress.com\/wp-content\/uploads\/2026\/03\/ChatGPT-Image-6-mar-2026-12_16_49-2-e1772796202420.png 341w, https:\/\/ignitecongress.com\/wp-content\/uploads\/2026\/03\/ChatGPT-Image-6-mar-2026-12_16_49-2-e1772796202420-300x295.png 300w, https:\/\/ignitecongress.com\/wp-content\/uploads\/2026\/03\/ChatGPT-Image-6-mar-2026-12_16_49-2-e1772796202420-12x12.png 12w\" sizes=\"(max-width: 341px) 100vw, 341px\" \/><\/a><\/figure><div class=\"elementor-image-box-content\"><h3 class=\"elementor-image-box-title\"><a href=\"https:\/\/ignitecongress.com\/en\/criterios-seleccion\/\">SELECTION<\/a><\/h3><\/div><\/div>\t\t\t\t<\/div>\n\t\t\t\t<\/div>\n\t\t\t\t<\/div>\n\t\t\t\t<\/div>\n\t\t\t\t<\/div>\n\t\t<div class=\"elementor-element elementor-element-8da64e3 e-flex e-con-boxed e-con e-parent\" data-id=\"8da64e3\" data-element_type=\"container\" data-e-type=\"container\">\n\t\t\t\t\t<div class=\"e-con-inner\">\n\t\t<div class=\"elementor-element elementor-element-53a1470 e-con-full e-flex e-con e-child\" data-id=\"53a1470\" data-element_type=\"container\" data-e-type=\"container\">\n\t\t<div class=\"elementor-element elementor-element-86e125b e-con-full ignite-doc-download e-flex e-con e-child\" data-id=\"86e125b\" data-element_type=\"container\" data-e-type=\"container\">\n\t\t\t\t<div class=\"elementor-element elementor-element-3ac213d elementor-widget elementor-widget-button\" data-id=\"3ac213d\" data-element_type=\"widget\" data-e-type=\"widget\" data-widget_type=\"button.default\">\n\t\t\t\t\t\t\t\t\t\t<a class=\"elementor-button elementor-button-link elementor-size-sm\" href=\"https:\/\/ignitecongress.com\/wp-content\/uploads\/2026\/03\/Plantilla-ponencias-ignite-26-ING.docx\" id=\"ignite-template-buttons\">\n\t\t\t\t\t\t<span class=\"elementor-button-content-wrapper\">\n\t\t\t\t\t\t\t\t\t<span class=\"elementor-button-text\">DOWNLOAD SPANISH TEMPLATE<\/span>\n\t\t\t\t\t<\/span>\n\t\t\t\t\t<\/a>\n\t\t\t\t\t\t\t\t<\/div>\n\t\t\t\t<div class=\"elementor-element elementor-element-14611d4 elementor-widget elementor-widget-button\" data-id=\"14611d4\" data-element_type=\"widget\" data-e-type=\"widget\" data-widget_type=\"button.default\">\n\t\t\t\t\t\t\t\t\t\t<a class=\"elementor-button elementor-button-link elementor-size-sm\" href=\"https:\/\/ignitecongress.com\/wp-content\/uploads\/2026\/03\/Plantilla-ponencias-ignite-26-ESP.docx\" id=\"ignite-template-buttons\">\n\t\t\t\t\t\t<span class=\"elementor-button-content-wrapper\">\n\t\t\t\t\t\t\t\t\t<span class=\"elementor-button-text\">DOWNLOAD ENGLISH TEMPLATE<\/span>\n\t\t\t\t\t<\/span>\n\t\t\t\t\t<\/a>\n\t\t\t\t\t\t\t\t<\/div>\n\t\t\t\t<\/div>\n\t\t\t\t<\/div>\n\t\t<div class=\"elementor-element elementor-element-b844ad9 e-con-full ignite-submit-section e-flex e-con e-child\" data-id=\"b844ad9\" data-element_type=\"container\" data-e-type=\"container\" data-settings=\"{&quot;background_background&quot;:&quot;classic&quot;}\">\n\t\t<div class=\"elementor-element elementor-element-9f08346 e-con-full e-flex e-con e-child\" data-id=\"9f08346\" data-element_type=\"container\" data-e-type=\"container\">\n\t\t\t\t<div class=\"elementor-element elementor-element-ceba5f9 elementor-widget elementor-widget-heading\" data-id=\"ceba5f9\" data-element_type=\"widget\" data-e-type=\"widget\" data-widget_type=\"heading.default\">\n\t\t\t\t\t<h1 class=\"elementor-heading-title elementor-size-default\">DEADLINE: 31 MAY 2026<\/h1>\t\t\t\t<\/div>\n\t\t\t\t<\/div>\n\t\t\t\t<\/div>\n\t\t\t\t\t<\/div>\n\t\t\t\t<\/div>\n\t\t<div class=\"elementor-element elementor-element-8e3d181 e-flex e-con-boxed e-con e-parent\" data-id=\"8e3d181\" data-element_type=\"container\" data-e-type=\"container\">\n\t\t\t\t\t<div class=\"e-con-inner\">\n\t\t<div class=\"elementor-element elementor-element-9a53b13 e-con-full e-flex e-con e-child\" data-id=\"9a53b13\" data-element_type=\"container\" data-e-type=\"container\">\n\t\t<div class=\"elementor-element elementor-element-251b75d e-con-full ignite-doc-download e-flex e-con e-child\" data-id=\"251b75d\" data-element_type=\"container\" data-e-type=\"container\">\n\t\t\t\t<div class=\"elementor-element elementor-element-1408eed ignite-submit-button elementor-widget elementor-widget-button\" data-id=\"1408eed\" data-element_type=\"widget\" data-e-type=\"widget\" data-widget_type=\"button.default\">\n\t\t\t\t\t\t\t\t\t\t<a class=\"elementor-button elementor-button-link elementor-size-sm\" href=\"https:\/\/forms.zohopublic.eu\/camaracomerciocastellon\/form\/IGNITECallforpapers\/formperma\/xWwGqzA2eipUCDstwRr4YdIbugxIZPvaNljBLEijcpU\" id=\"ignite-submit-button\" target=\"_blank\" rel=\"noopener\">\n\t\t\t\t\t\t<span class=\"elementor-button-content-wrapper\">\n\t\t\t\t\t\t\t\t\t<span class=\"elementor-button-text\">SUBMIT PAPER<\/span>\n\t\t\t\t\t<\/span>\n\t\t\t\t\t<\/a>\n\t\t\t\t\t\t\t\t<\/div>\n\t\t\t\t<\/div>\n\t\t\t\t<\/div>\n\t\t\t\t\t<\/div>\n\t\t\t\t<\/div>\n\t\t\t\t<\/div>","protected":false},"excerpt":{"rendered":"<p>PRESENTACI\u00d3N DE PONENCIAS IGNITE\u201926 est\u00e1 abierto a cualquier \u00e1mbito de la industria cer\u00e1mica internacional. Ning\u00fan trabajo ser\u00e1 rechazado si es innovador, riguroso y aporta valor t\u00e9cnico o estrat\u00e9gico, aunque su tem\u00e1tica no coincida exactamente con las \u00e1reas prioritarias de esta edici\u00f3n. El congreso pone especial inter\u00e9s en contribuciones que aborden los grandes desaf\u00edos estructurales que&#8230; <\/p>\n<div class=\"clear\"><\/div>\n<p><a href=\"https:\/\/ignitecongress.com\/en\/presentacion-de-ponencias\/\" class=\"gdlr-info-font excerpt-read-more\">Read More<\/a><\/p>","protected":false},"author":1,"featured_media":0,"parent":0,"menu_order":0,"comment_status":"closed","ping_status":"closed","template":"","meta":{"footnotes":""},"class_list":["post-4361","page","type-page","status-publish","hentry"],"_links":{"self":[{"href":"https:\/\/ignitecongress.com\/en\/wp-json\/wp\/v2\/pages\/4361","targetHints":{"allow":["GET"]}}],"collection":[{"href":"https:\/\/ignitecongress.com\/en\/wp-json\/wp\/v2\/pages"}],"about":[{"href":"https:\/\/ignitecongress.com\/en\/wp-json\/wp\/v2\/types\/page"}],"author":[{"embeddable":true,"href":"https:\/\/ignitecongress.com\/en\/wp-json\/wp\/v2\/users\/1"}],"replies":[{"embeddable":true,"href":"https:\/\/ignitecongress.com\/en\/wp-json\/wp\/v2\/comments?post=4361"}],"version-history":[{"count":10,"href":"https:\/\/ignitecongress.com\/en\/wp-json\/wp\/v2\/pages\/4361\/revisions"}],"predecessor-version":[{"id":5508,"href":"https:\/\/ignitecongress.com\/en\/wp-json\/wp\/v2\/pages\/4361\/revisions\/5508"}],"wp:attachment":[{"href":"https:\/\/ignitecongress.com\/en\/wp-json\/wp\/v2\/media?parent=4361"}],"curies":[{"name":"wp","href":"https:\/\/api.w.org\/{rel}","templated":true}]}}